{"id":9,"date":"2020-12-29T22:31:30","date_gmt":"2020-12-29T22:31:30","guid":{"rendered":"https:\/\/serwaty.de\/?page_id=9"},"modified":"2021-01-01T16:25:58","modified_gmt":"2021-01-01T16:25:58","slug":"links","status":"publish","type":"page","link":"https:\/\/serwaty.de\/index.php\/links\/","title":{"rendered":"Links"},"content":{"rendered":"<div class=\"entry\">\n<p>Hier liste ich Euch verschiedene interessante Links auf, die sehr hilfreich bei der Familienforschung sind.<\/p>\n<p>(Die Reihenfolge der Verkn\u00fcpfungen stellt keine Wertung dar. Falls ein Link nicht funktionieren sollte, bitte ich um Nachricht.)<\/p>\n<ul>\n<li><strong>Foren und Listen:<\/strong><br \/>\n<a href=\"https:\/\/forum.genealogy.net\" target=\"_blank\" rel=\"noopener\">forum.genealogy.net<\/a><br \/>\n<a href=\"http:\/\/ahnenforschung.net\" target=\"_blank\" rel=\"noopener\">www.ahnenforschung.net<\/a><br \/>\n<a href=\"http:\/\/www.unsere-ahnen.de\" target=\"_blank\" rel=\"noopener\">http:\/\/www.unsere-ahnen.de<\/a><br \/>\n<a href=\"http:\/\/list.genealogy.net\/mailman\/listinfo\" target=\"_blank\" rel=\"noopener\">http:\/\/list.genealogy.net\/mailman\/listinfo<\/a> (Genealogische Mailinglisten)<br \/>\n<a href=\"http:\/\/www.sggee.org\" target=\"_blank\" rel=\"noopener\">http:\/\/www.sggee.org<\/a><br \/>\n<a href=\"http:\/\/www.geneanet.org\" target=\"_blank\" rel=\"noopener\">www.geneanet.org<\/a> (Mein Stammbaum online, Suche nach Familiennamen und Orten m\u00f6glich)<\/li>\n<li><strong>Suchm\u00f6glichkeiten:<\/strong><br \/>\n<a href=\"http:\/\/www.kartenmeister.com\" target=\"_blank\" rel=\"noopener\">www.kartenmeister.com<\/a><br \/>\n<a href=\"http:\/\/www.familysearch.org\" target=\"_blank\" rel=\"noopener\">www.familysearch.org<\/a><br \/>\n<a href=\"http:\/\/www.wbc.poznan.pl\/dlibra\" target=\"_blank\" rel=\"noopener\">http:\/\/www.wbc.poznan.pl\/dlibra<\/a> (Digitalisierte B\u00fccherei)<br \/>\n<a href=\"http:\/\/szukajwarchiwach.pl\/search\" target=\"_blank\" rel=\"noopener\">http:\/\/szukajwarchiwach.pl\/search<\/a> (Startseite der online gestellten Unterlagen aus polnischen Archiven)<br \/>\n<a href=\"http:\/\/www.archiwa.gov.pl\/?CIDA=50\" target=\"_blank\" rel=\"noopener\">http:\/\/www.archiwa.gov.pl\/?CIDA=50<\/a> (Zentrale Homepage von polnischen Archiven)<br \/>\n<a href=\"http:\/\/archiwalna.archiwa.gov.pl\/en\/data-bases.html\" target=\"_blank\" rel=\"noopener\">http:\/\/archiwalna.archiwa.gov.pl\/en\/data-bases.html<\/a> (verschiedene Abfragem\u00f6glichkeiten zum Auffinden von Bev\u00f6lkerungslisten, Kirchenb\u00fcchern, Gemeinderegistern, standesamtlichen Dokumenten und anderen Best\u00e4nden in den polnischen Archiven)<br \/>\n<a href=\"http:\/\/maps.google.com\/maps\/ms?ie=UTF&amp;msa=0&amp;msid=215132733045753894260.000498a3e7163d94a81b6\" target=\"_blank\" rel=\"noopener\">google-maps<\/a> (Karte mit Beschreibung der online-gestellten Unterlagen vom Staatsarchiv Posen)<br \/>\n<a href=\"http:\/\/www.basia.famula.pl\/de\/\" target=\"_blank\" rel=\"noopener\">http:\/\/www.basia.famula.pl\/de\/<\/a> (Indexierung der online-gestellten Unterlagen vom Staatsarchiv Posen)<br \/>\n<a href=\"http:\/\/www.gemeindeverzeichnis.de\" target=\"_blank\" rel=\"noopener\">http:\/\/www.gemeindeverzeichnis.de<\/a> (Sehr gutes Verzeichnis der Gemeinden um 1900) http:\/\/www.volksbund.de<br \/>\n<a href=\"http:\/\/poznan-project.psnc.pl\/index.php?lang=de\" target=\"_blank\" rel=\"noopener\">http:\/\/poznan-project.psnc.pl\/index.php?lang=de<\/a> (Heirats-Indexverzeichnis und Suchm\u00f6glichkeit im Posener Gebiet)<\/li>\n<li><strong>Beh\u00f6rden:<\/strong><br \/>\n<a href=\"http:\/\/www.ezab.de\" target=\"_blank\" rel=\"noopener\">http:\/\/www.ezab.de<\/a> (Evangelisches Zentralarchiv Berlin)<br \/>\n<a href=\"http:\/\/www.landeshauptarchiv.de\" target=\"_blank\" rel=\"noopener\">http:\/\/www.landeshauptarchiv.de<\/a> (Landeshauptarchiv Koblenz und Speyer)<br \/>\n<a href=\"http:\/\/www.bundesarchiv.de\" target=\"_blank\" rel=\"noopener\">http:\/\/www.bundesarchiv.de<\/a> (Bundesarchiv)<br \/>\n<a href=\"http:\/\/www.kirchlicher-suchdienst.de\" target=\"_blank\" rel=\"noopener\">www.kirchlicher-suchdienst.de<\/a><br \/>\n<a href=\"http:\/\/www.berlin.de\/standesamt1\" target=\"_blank\" rel=\"noopener\">http:\/\/www.berlin.de\/standesamt1<\/a><\/li>\n<li><strong>Private Internetseiten:<\/strong><br \/>\n<a href=\"http:\/\/forum.sommerfeldfamilien.net\/index.php\" target=\"_blank\" rel=\"noopener\">http:\/\/forum.sommerfeldfamilien.net\/index.php<\/a> (Forum rund um den Namen Sommerfeld)<\/li>\n<\/ul>\n<\/div>\n","protected":false},"excerpt":{"rendered":"<p>Hier liste ich Euch verschiedene interessante Links auf, die sehr hilfreich bei der Familienforschung sind. (Die Reihenfolge der Verkn\u00fcpfungen stellt keine Wertung dar. Falls ein Link nicht funktionieren sollte, bitte ich um Nachricht.) Foren und Listen: forum.genealogy.net www.ahnenforschung.net http:\/\/www.unsere-ahnen.de http:\/\/list.genealogy.net\/mailman\/listinfo (Genealogische Mailinglisten) http:\/\/www.sggee.org www.geneanet.org (Mein Stammbaum online, Suche nach Familiennamen und Orten m\u00f6glich) Suchm\u00f6glichkeiten: www.kartenmeister.com &#8230;<\/p>\n","protected":false},"author":1,"featured_media":0,"parent":0,"menu_order":0,"comment_status":"closed","ping_status":"closed","template":"","meta":[],"_links":{"self":[{"href":"https:\/\/serwaty.de\/index.php\/wp-json\/wp\/v2\/pages\/9"}],"collection":[{"href":"https:\/\/serwaty.de\/index.php\/wp-json\/wp\/v2\/pages"}],"about":[{"href":"https:\/\/serwaty.de\/index.php\/wp-json\/wp\/v2\/types\/page"}],"author":[{"embeddable":true,"href":"https:\/\/serwaty.de\/index.php\/wp-json\/wp\/v2\/users\/1"}],"replies":[{"embeddable":true,"href":"https:\/\/serwaty.de\/index.php\/wp-json\/wp\/v2\/comments?post=9"}],"version-history":[{"count":14,"href":"https:\/\/serwaty.de\/index.php\/wp-json\/wp\/v2\/pages\/9\/revisions"}],"predecessor-version":[{"id":146,"href":"https:\/\/serwaty.de\/index.php\/wp-json\/wp\/v2\/pages\/9\/revisions\/146"}],"wp:attachment":[{"href":"https:\/\/serwaty.de\/index.php\/wp-json\/wp\/v2\/media?parent=9"}],"curies":[{"name":"wp","href":"https:\/\/api.w.org\/{rel}","templated":true}]}}