{"id":84,"date":"2020-12-30T13:51:03","date_gmt":"2020-12-30T13:51:03","guid":{"rendered":"https:\/\/serwaty.de\/?page_id=84"},"modified":"2021-01-01T16:27:48","modified_gmt":"2021-01-01T16:27:48","slug":"vorgeschichte-und-ahnentafel-2","status":"publish","type":"page","link":"https:\/\/serwaty.de\/index.php\/spitzer\/vorgeschichte-und-ahnentafel-2\/","title":{"rendered":"Vorgeschichte"},"content":{"rendered":"<div class=\"entry\">\n<p>Auf den n\u00e4chsten Seiten k\u00f6nnt Ihr die Informationen lesen, die ich \u00fcber die Vorfahren meines Vaters habe.<\/p>\n<p>Er stammt aus dem ehemaligen Wartheland in Polen.<\/p>\n<p>Einige Jahre nach dem 2. Weltkrieg kam er mit seiner Schwester allein nach Deutschland. Da ihre leiblichen Eltern schon ein paar Jahre vorher gestorben waren, hatten sie keinerlei Geburtsurkunden oder sonstige Papiere mehr.<\/p>\n<p>Daher war es sehr schwierig, etwas \u00fcber den Wohnort, die Eltern usw. herauszufinden. Sie lebten in dem sehr kleinen Ort Kozy, der zusammen mit mehreren Orten auf einem Gebiet von ca. 8 mal 8 km lag.<\/p>\n<p>Diese Orte liegen alle ca. 10 km n\u00f6rdlich von Sompolno (Deutscheneck) und ca. 8 km s\u00fcdlich von Piotrkow Kujawskie (Petrikau). Da sie so klein waren, war allein schon die Suche nach ihnen eine gro\u00dfe Herausforderung.<\/p>\n<p>Besonders hilfreich war hierbei auch das Buch &#8222;Die evangelisch-augsburgischen Gemeinden der Kalischer Di\u00f6zese, 1937, Kapitel Kozy&#8220; von Eduard Kneifel, in dem ich das erste Mal etwas \u00fcber den Ort Kozy und meinen Gro\u00dfvater las.<\/p>\n<p>Zum Gl\u00fcck konnte ich vor ein paar Jahr aus dem Staatsarchiv in Posen einige Kopien von Geburtsurkunden erhalten, auch die meines Vaters und seiner Schwester waren dabei. Dadurch erfuhr ich endlich mehr \u00fcber ihre Eltern und weiter dann \u00fcber deren Vorfahren.<\/p>\n<p>&nbsp;<\/p>\n<\/div>\n","protected":false},"excerpt":{"rendered":"<p>Auf den n\u00e4chsten Seiten k\u00f6nnt Ihr die Informationen lesen, die ich \u00fcber die Vorfahren meines Vaters habe. Er stammt aus dem ehemaligen Wartheland in Polen. Einige Jahre nach dem 2. Weltkrieg kam er mit seiner Schwester allein nach Deutschland. Da ihre leiblichen Eltern schon ein paar Jahre vorher gestorben waren, hatten sie keinerlei Geburtsurkunden oder &#8230;<\/p>\n","protected":false},"author":1,"featured_media":0,"parent":6,"menu_order":1,"comment_status":"closed","ping_status":"closed","template":"","meta":[],"_links":{"self":[{"href":"https:\/\/serwaty.de\/index.php\/wp-json\/wp\/v2\/pages\/84"}],"collection":[{"href":"https:\/\/serwaty.de\/index.php\/wp-json\/wp\/v2\/pages"}],"about":[{"href":"https:\/\/serwaty.de\/index.php\/wp-json\/wp\/v2\/types\/page"}],"author":[{"embeddable":true,"href":"https:\/\/serwaty.de\/index.php\/wp-json\/wp\/v2\/users\/1"}],"replies":[{"embeddable":true,"href":"https:\/\/serwaty.de\/index.php\/wp-json\/wp\/v2\/comments?post=84"}],"version-history":[{"count":2,"href":"https:\/\/serwaty.de\/index.php\/wp-json\/wp\/v2\/pages\/84\/revisions"}],"predecessor-version":[{"id":119,"href":"https:\/\/serwaty.de\/index.php\/wp-json\/wp\/v2\/pages\/84\/revisions\/119"}],"up":[{"embeddable":true,"href":"https:\/\/serwaty.de\/index.php\/wp-json\/wp\/v2\/pages\/6"}],"wp:attachment":[{"href":"https:\/\/serwaty.de\/index.php\/wp-json\/wp\/v2\/media?parent=84"}],"curies":[{"name":"wp","href":"https:\/\/api.w.org\/{rel}","templated":true}]}}