{"id":83,"date":"2020-12-30T13:51:03","date_gmt":"2020-12-30T13:51:03","guid":{"rendered":"https:\/\/serwaty.de\/?page_id=83"},"modified":"2021-01-01T16:27:21","modified_gmt":"2021-01-01T16:27:21","slug":"vorgeschichte-und-ahnentafel","status":"publish","type":"page","link":"https:\/\/serwaty.de\/index.php\/serwaty\/vorgeschichte-und-ahnentafel\/","title":{"rendered":"Vorgeschichte"},"content":{"rendered":"<div class=\"entry\">\n<p>Mein Schwiegervater hatte schon Familienforschung betrieben, allerdings lange bevor es Computer und Internet gab. Es soll einen Briefwechsel zwischen ihm und einem polnischen Pastorgegeben haben. Leider ist dieser und die sonstigen Unterlagen meines Schwiegervaters nicht mehr aufzufinden.<br \/>\nBisher habe ich leider nicht herausfinden k\u00f6nnen, wodurch er in Richtung Polen gekommen ist.<\/p>\n<p>Bisher konnten wir die Vorfahren meines Mannes bis in die Eifel zur\u00fcckverfolgen, in die Orte Deudesfeld, Bettenfeld und Meisburg.<br \/>\nDamals lautete der Nachname Zirves und wandelte sich in den folgenden Generationen zu Serwaty und Servati.<\/p>\n<p>Einige der Vorfahren wollten um 1850 \u00fcber Frankreich nach Amerika und Brasilien ausandern, kamen jedoch aufgrund verschiedener Umst\u00e4nde nach Algerien &#8211; deshalb ist auch dort der Familienname Serwaty bekannt.<\/p>\n<p>Besonders schwierig gestaltet sich die Suche wegen der vielen verschiedenen Schreibweisen des Nachnamens: Serwaty, Serwati, Servaty, Servati, Servatzi, Servat\u00fc, Zirves, Zirbes.; Urspr\u00fcnglich gab es den m\u00e4nnlichen Vornamen Servatius, der sich bei der Einf\u00fchrung der Familiennamen und durch mundartliche Umwandlungen zu den verschiedenen Schreibweisen wandelte.<\/p>\n<p>Auch der Urgro\u00dfvater meines Mannes hatte einen schwierigen Familiennamen, der in verschiedenen Fassungen vorliegt: Brokogne, Brokogni, Krackonie, Braconier, Brakonier. Dieser Familienname, wie auch der \u00e4lteste uns bekannte Vorfahre in dieser Linie, stammt aus Frankreich und bedeutet ins Deutsche \u00fcbersetzt &#8222;Wilddieb&#8220; oder &#8222;Wilderer&#8220;.<\/p>\n<p>Besonders interessiert bin ich auch an den Vorfahren der Urgro\u00dfmutter meines Mannes: Ihr Vater wurde als Jude geboren, konvertierte sp\u00e4ter und nahm einen anderen Vor- und Nachnamen an.<\/p>\n<\/div>\n","protected":false},"excerpt":{"rendered":"<p>Mein Schwiegervater hatte schon Familienforschung betrieben, allerdings lange bevor es Computer und Internet gab. Es soll einen Briefwechsel zwischen ihm und einem polnischen Pastorgegeben haben. Leider ist dieser und die sonstigen Unterlagen meines Schwiegervaters nicht mehr aufzufinden. Bisher habe ich leider nicht herausfinden k\u00f6nnen, wodurch er in Richtung Polen gekommen ist. Bisher konnten wir die &#8230;<\/p>\n","protected":false},"author":1,"featured_media":0,"parent":7,"menu_order":1,"comment_status":"closed","ping_status":"closed","template":"","meta":[],"_links":{"self":[{"href":"https:\/\/serwaty.de\/index.php\/wp-json\/wp\/v2\/pages\/83"}],"collection":[{"href":"https:\/\/serwaty.de\/index.php\/wp-json\/wp\/v2\/pages"}],"about":[{"href":"https:\/\/serwaty.de\/index.php\/wp-json\/wp\/v2\/types\/page"}],"author":[{"embeddable":true,"href":"https:\/\/serwaty.de\/index.php\/wp-json\/wp\/v2\/users\/1"}],"replies":[{"embeddable":true,"href":"https:\/\/serwaty.de\/index.php\/wp-json\/wp\/v2\/comments?post=83"}],"version-history":[{"count":6,"href":"https:\/\/serwaty.de\/index.php\/wp-json\/wp\/v2\/pages\/83\/revisions"}],"predecessor-version":[{"id":144,"href":"https:\/\/serwaty.de\/index.php\/wp-json\/wp\/v2\/pages\/83\/revisions\/144"}],"up":[{"embeddable":true,"href":"https:\/\/serwaty.de\/index.php\/wp-json\/wp\/v2\/pages\/7"}],"wp:attachment":[{"href":"https:\/\/serwaty.de\/index.php\/wp-json\/wp\/v2\/media?parent=83"}],"curies":[{"name":"wp","href":"https:\/\/api.w.org\/{rel}","templated":true}]}}