{"id":35,"date":"2020-12-30T09:26:34","date_gmt":"2020-12-30T09:26:34","guid":{"rendered":"https:\/\/serwaty.de\/?page_id=35"},"modified":"2021-01-01T12:56:16","modified_gmt":"2021-01-01T12:56:16","slug":"impressum","status":"publish","type":"page","link":"https:\/\/serwaty.de\/index.php\/impressum\/","title":{"rendered":"Impressum"},"content":{"rendered":"<div class=\"entry\">\n<p>Diese Internetseiten wurden erstellt von<br \/>\nPetra Serwaty, Zum Damm 1, 26180 Rastede E-Mail-Adresse: petra (at) serwaty.de Bitte ersetzen Sie (at) durch @<\/p>\n<p>Rechtliche Hinweise: Alle Seiten und Beitr\u00e4ge sind urheberrechtlich gesch\u00fctzt, sie unterliegen dem deutschen Urheberrecht.<br \/>\nDie Vervielf\u00e4ltigung, Bearbeitung, Verbreitung und jede Art der Verwendung bed\u00fcrfen der schriftlichen Zustimmung des Erstellers.<br \/>\nBei Zuwiderhandlungen behalte ich mir rechtliche Schritte gegen den Verursacher vor.<br \/>\nAlle Informationen erfolgen ohne Gew\u00e4hr auf Richtigkeit und Vollst\u00e4ndigkeit. In keinem Fall wird f\u00fcr Sch\u00e4den, die sich aus der Verwendung der abgerufenen Informationen ergeben, eine Haftung \u00fcbernommen. Sollten Sie der Meinung sein, dass auf einer der Seiten durch die Ver\u00f6ffentlichung einer Datei das Urheberrecht oder der Datenschutz verletzt wird, bitte ich um einen Hinweis, ich werde die Datei dann sofort entfernen.<\/p>\n<p>Hinweis zu den angebrachten Links auf dieser Webseite:<br \/>\nIch erkl\u00e4re ausdr\u00fccklich, dass ich keinerlei Einfluss auf die Gestaltung und die Inhalte der gelinkten Seiten habe. Zum Zeitpunkt der Linksetzung waren auf den zu verlinkenden Seiten keine illegalen Inhalte erkennbar gewesen. Auf die aktuelle und zuk\u00fcnftige Gestaltung, die Inhalte oder die Urheberschaft der gelinkten\/verkn\u00fcpften Seiten habe ich keinerlei Einfluss. Deshalb \u00fcbernehme ich keine Verantwortung f\u00fcr die Inhalte aller gelinkten Seiten auf dieser Webseite. Diese Erkl\u00e4rung gilt f\u00fcr alle auf dieser Webseite angezeigten Links und f\u00fcr alle Inhalte der Seiten, zu denen die hier erscheinenden Verkn\u00fcpfungen f\u00fchren.<br \/>\nSollten Sie unter einem der auf dieser Webseite angegebenen Links auf Seiten gelangen, auf denen gewaltverherrlichende, pornographische, andere anst\u00f6\u00dfige Inhalte oder rechtsextreme Propaganda verbreitet werden, bitte ich um Ihren Hinweis, damit ich den betreffenden Link entfernen kann.<\/p>\n<p>Datenschutzerkl\u00e4rung:<br \/>\nDer Betreiber dieser Seiten nimmt den Schutz Ihrer pers\u00f6nlichen Daten sehr ernst. Ich behandle Ihre personenbezogenen Daten vertraulich und entsprechend der gesetzlichen Datenschutzvorschriften sowie dieser Datenschutzerkl\u00e4rung. Die Nutzung meiner Website ist in der Regel ohne Angabe personenbezogener Daten m\u00f6glich.<br \/>\nSoweit auf unseren Seiten personenbezogene Daten (beispielsweise Name, Anschrift oder E-Mail-Adressen) erhoben werden, erfolgt dies, soweit m\u00f6glich, stets auf freiwilliger Basis. Diese Daten werden ohne Ihre ausdr\u00fcckliche Zustimmung nicht an Dritte weitergegeben.<br \/>\nIch weise darauf hin, dass die Daten\u00fcbertragung im Internet (z.B. bei der Kommunikation per E-Mail) Sicherheitsl\u00fccken aufweisen kann. Ein l\u00fcckenloser Schutz der Daten vor dem Zugriff durch Dritte ist nicht m\u00f6glich.<\/p>\n<p>Server-Log- Files: Der Provider der Seiten erhebt und speichert automatisch Informationen in so genannten Server-Log Files, die Ihr Browser automatisch an uns \u00fcbermittelt. Dies sind: Browsertyp und Browserversion, verwendetes Betriebssystem, Referrer URL, Hostname des zugreifenden Rechners, Uhrzeit der Serveranfrage. Diese Daten sind nicht bestimmten Personen zuordenbar. Eine Zusammenf\u00fchrung dieser Daten mit anderen Datenquellen wird nicht vorgenommen. Ich behalte mir vor, diese Daten nachtr\u00e4glich zu pr\u00fcfen, wenn mir konkrete Anhaltspunkte f\u00fcr eine rechtswidrige Nutzung bekannt werden.<br \/>\nRecht auf Auskunft, L\u00f6schung, Sperrung Sie haben jederzeit das Recht auf unentgeltliche Auskunft \u00fcber Ihre gespeicherten personenbezogenen Daten, deren Herkunft und Empf\u00e4nger und den Zweck der Datenverarbeitung sowie ein Recht auf Berichtigung, Sperrung oder L\u00f6schung dieser Daten. Hierzu sowie zu weiteren Fragen zum Thema personenbezogene Daten k\u00f6nnen Sie sich jederzeit unter der im Impressum angegebenen Adresse an mich wenden.<br \/>\nIch sicher meine Webseite durch technische und organisatorische Ma\u00dfnahmen gegen Verlust, Zerst\u00f6rung, Zugriff und Ver\u00e4nderung Ihrer Daten durch unbefugte Dritte.<br \/>\nQuelle: https:\/\/www.e-recht24.de\/impressum-generator.html<\/p>\n<\/div>\n","protected":false},"excerpt":{"rendered":"<p>Diese Internetseiten wurden erstellt von Petra Serwaty, Zum Damm 1, 26180 Rastede E-Mail-Adresse: petra (at) serwaty.de Bitte ersetzen Sie (at) durch @ Rechtliche Hinweise: Alle Seiten und Beitr\u00e4ge sind urheberrechtlich gesch\u00fctzt, sie unterliegen dem deutschen Urheberrecht. Die Vervielf\u00e4ltigung, Bearbeitung, Verbreitung und jede Art der Verwendung bed\u00fcrfen der schriftlichen Zustimmung des Erstellers. Bei Zuwiderhandlungen behalte ich &#8230;<\/p>\n","protected":false},"author":1,"featured_media":0,"parent":0,"menu_order":0,"comment_status":"closed","ping_status":"closed","template":"","meta":[],"_links":{"self":[{"href":"https:\/\/serwaty.de\/index.php\/wp-json\/wp\/v2\/pages\/35"}],"collection":[{"href":"https:\/\/serwaty.de\/index.php\/wp-json\/wp\/v2\/pages"}],"about":[{"href":"https:\/\/serwaty.de\/index.php\/wp-json\/wp\/v2\/types\/page"}],"author":[{"embeddable":true,"href":"https:\/\/serwaty.de\/index.php\/wp-json\/wp\/v2\/users\/1"}],"replies":[{"embeddable":true,"href":"https:\/\/serwaty.de\/index.php\/wp-json\/wp\/v2\/comments?post=35"}],"version-history":[{"count":1,"href":"https:\/\/serwaty.de\/index.php\/wp-json\/wp\/v2\/pages\/35\/revisions"}],"predecessor-version":[{"id":36,"href":"https:\/\/serwaty.de\/index.php\/wp-json\/wp\/v2\/pages\/35\/revisions\/36"}],"wp:attachment":[{"href":"https:\/\/serwaty.de\/index.php\/wp-json\/wp\/v2\/media?parent=35"}],"curies":[{"name":"wp","href":"https:\/\/api.w.org\/{rel}","templated":true}]}}